{"id":654,"date":"2024-05-10T22:05:57","date_gmt":"2024-05-10T22:05:57","guid":{"rendered":"https:\/\/mantix.com.uy\/?page_id=654"},"modified":"2024-07-26T17:50:28","modified_gmt":"2024-07-26T17:50:28","slug":"laboratorios","status":"publish","type":"page","link":"https:\/\/mantix.com.uy\/index.php\/laboratorios\/","title":{"rendered":"Laboratorios"},"content":{"rendered":"\n<div style=\"height:44px\" aria-hidden=\"true\" class=\"wp-block-spacer\"><\/div>\n\n\n\n<div id=\"wp-block-themeisle-blocks-advanced-columns-a435a326\" class=\"wp-block-themeisle-blocks-advanced-columns has-1-columns has-desktop-equal-layout has-tablet-equal-layout has-mobile-collapsedRows-layout has-vertical-unset\"><div class=\"wp-block-themeisle-blocks-advanced-columns-overlay\"><\/div><div class=\"innerblocks-wrap\">\n<div id=\"wp-block-themeisle-blocks-advanced-column-d96068c7\" class=\"wp-block-themeisle-blocks-advanced-column\">\n<div class=\"wp-block-group alignwide is-content-justification-center is-nowrap is-layout-flex wp-container-core-group-is-layout-94bc23d7 wp-block-group-is-layout-flex\">\n<figure class=\"wp-block-image size-large is-resized\"><img loading=\"lazy\" decoding=\"async\" width=\"1024\" height=\"1024\" src=\"https:\/\/mantix.com.uy\/wp-content\/uploads\/2024\/05\/600x600-laboratorio_Mesa-de-trabajo-1-1-1024x1024.png\" alt=\"\" class=\"wp-image-894\" style=\"width:454px;height:auto\" srcset=\"https:\/\/mantix.com.uy\/wp-content\/uploads\/2024\/05\/600x600-laboratorio_Mesa-de-trabajo-1-1-1024x1024.png 1024w, https:\/\/mantix.com.uy\/wp-content\/uploads\/2024\/05\/600x600-laboratorio_Mesa-de-trabajo-1-1-300x300.png 300w, https:\/\/mantix.com.uy\/wp-content\/uploads\/2024\/05\/600x600-laboratorio_Mesa-de-trabajo-1-1-150x150.png 150w, https:\/\/mantix.com.uy\/wp-content\/uploads\/2024\/05\/600x600-laboratorio_Mesa-de-trabajo-1-1-768x768.png 768w, https:\/\/mantix.com.uy\/wp-content\/uploads\/2024\/05\/600x600-laboratorio_Mesa-de-trabajo-1-1-1536x1536.png 1536w, https:\/\/mantix.com.uy\/wp-content\/uploads\/2024\/05\/600x600-laboratorio_Mesa-de-trabajo-1-1-2048x2048.png 2048w, https:\/\/mantix.com.uy\/wp-content\/uploads\/2024\/05\/600x600-laboratorio_Mesa-de-trabajo-1-1-600x600.png 600w, https:\/\/mantix.com.uy\/wp-content\/uploads\/2024\/05\/600x600-laboratorio_Mesa-de-trabajo-1-1-100x100.png 100w\" sizes=\"auto, (max-width: 1024px) 100vw, 1024px\" \/><\/figure>\n<\/div>\n<\/div>\n<\/div><\/div>\n\n\n\n<p><\/p>\n\n\n\n<p><\/p>\n\n\n\n<p>Dise\u00f1o y fabricaci\u00f3n de elementos para laboratorios cumpliendo los m\u00e1s altos est\u00e1ndares de calidad. Realizamos visitas in-situ para relevamiento de medidas y las soluciones m\u00e1s adecuadas.<\/p>\n\n\n\n<p><\/p>\n","protected":false},"excerpt":{"rendered":"<p>Dise\u00f1o y fabricaci\u00f3n de elementos para laboratorios cumpliendo los m\u00e1s altos est\u00e1ndares de calidad. Realizamos visitas in-situ para relevamiento de medidas y las soluciones m\u00e1s adecuadas.<\/p>\n","protected":false},"author":1,"featured_media":0,"parent":0,"menu_order":0,"comment_status":"closed","ping_status":"closed","template":"","meta":{"neve_meta_sidebar":"","neve_meta_container":"","neve_meta_enable_content_width":"on","neve_meta_content_width":65,"neve_meta_title_alignment":"center","neve_meta_author_avatar":"","neve_post_elements_order":"","neve_meta_disable_header":"","neve_meta_disable_footer":"","neve_meta_disable_title":"","_themeisle_gutenberg_block_has_review":false,"_ti_tpc_template_sync":false,"_ti_tpc_template_id":"","footnotes":""},"class_list":["post-654","page","type-page","status-publish","hentry"],"_links":{"self":[{"href":"https:\/\/mantix.com.uy\/index.php\/wp-json\/wp\/v2\/pages\/654","targetHints":{"allow":["GET"]}}],"collection":[{"href":"https:\/\/mantix.com.uy\/index.php\/wp-json\/wp\/v2\/pages"}],"about":[{"href":"https:\/\/mantix.com.uy\/index.php\/wp-json\/wp\/v2\/types\/page"}],"author":[{"embeddable":true,"href":"https:\/\/mantix.com.uy\/index.php\/wp-json\/wp\/v2\/users\/1"}],"replies":[{"embeddable":true,"href":"https:\/\/mantix.com.uy\/index.php\/wp-json\/wp\/v2\/comments?post=654"}],"version-history":[{"count":22,"href":"https:\/\/mantix.com.uy\/index.php\/wp-json\/wp\/v2\/pages\/654\/revisions"}],"predecessor-version":[{"id":1047,"href":"https:\/\/mantix.com.uy\/index.php\/wp-json\/wp\/v2\/pages\/654\/revisions\/1047"}],"wp:attachment":[{"href":"https:\/\/mantix.com.uy\/index.php\/wp-json\/wp\/v2\/media?parent=654"}],"curies":[{"name":"wp","href":"https:\/\/api.w.org\/{rel}","templated":true}]}}