{"id":652,"date":"2024-05-10T22:05:42","date_gmt":"2024-05-10T22:05:42","guid":{"rendered":"https:\/\/mantix.com.uy\/?page_id=652"},"modified":"2024-07-26T17:42:18","modified_gmt":"2024-07-26T17:42:18","slug":"gastronomico","status":"publish","type":"page","link":"https:\/\/mantix.com.uy\/index.php\/gastronomico\/","title":{"rendered":"Gastron\u00f3mico"},"content":{"rendered":"\n<div id=\"wp-block-themeisle-blocks-advanced-columns-6ae96fa8\" class=\"wp-block-themeisle-blocks-advanced-columns alignwide has-1-columns has-desktop-equal-layout has-tablet-equal-layout has-mobile-collapsedRows-layout has-vertical-unset\"><div class=\"wp-block-themeisle-blocks-advanced-columns-overlay\"><\/div><div class=\"innerblocks-wrap\">\n<div id=\"wp-block-themeisle-blocks-advanced-column-b304b263\" class=\"wp-block-themeisle-blocks-advanced-column\">\n<div class=\"wp-block-group alignwide is-content-justification-center is-nowrap is-layout-flex wp-container-core-group-is-layout-499140ed wp-block-group-is-layout-flex\">\n<figure class=\"wp-block-image size-large is-resized\"><img loading=\"lazy\" decoding=\"async\" width=\"1024\" height=\"1024\" src=\"https:\/\/mantix.com.uy\/wp-content\/uploads\/2024\/05\/600x600-gastronomico-1_Mesa-de-trabajo-1-1-1024x1024.png\" alt=\"\" class=\"wp-image-892\" style=\"width:496px;height:auto\" srcset=\"https:\/\/mantix.com.uy\/wp-content\/uploads\/2024\/05\/600x600-gastronomico-1_Mesa-de-trabajo-1-1-1024x1024.png 1024w, https:\/\/mantix.com.uy\/wp-content\/uploads\/2024\/05\/600x600-gastronomico-1_Mesa-de-trabajo-1-1-300x300.png 300w, https:\/\/mantix.com.uy\/wp-content\/uploads\/2024\/05\/600x600-gastronomico-1_Mesa-de-trabajo-1-1-150x150.png 150w, https:\/\/mantix.com.uy\/wp-content\/uploads\/2024\/05\/600x600-gastronomico-1_Mesa-de-trabajo-1-1-768x768.png 768w, https:\/\/mantix.com.uy\/wp-content\/uploads\/2024\/05\/600x600-gastronomico-1_Mesa-de-trabajo-1-1-1536x1536.png 1536w, https:\/\/mantix.com.uy\/wp-content\/uploads\/2024\/05\/600x600-gastronomico-1_Mesa-de-trabajo-1-1-2048x2048.png 2048w, https:\/\/mantix.com.uy\/wp-content\/uploads\/2024\/05\/600x600-gastronomico-1_Mesa-de-trabajo-1-1-600x600.png 600w, https:\/\/mantix.com.uy\/wp-content\/uploads\/2024\/05\/600x600-gastronomico-1_Mesa-de-trabajo-1-1-100x100.png 100w\" sizes=\"auto, (max-width: 1024px) 100vw, 1024px\" \/><\/figure>\n<\/div>\n\n\n\n<p><\/p>\n\n\n\n<p class=\"has-text-align-left\"><\/p>\n<\/div>\n<\/div><\/div>\n\n\n\n<p>El acero inoxidable es ampliamente utilizado en el rubro gastron\u00f3mico a causa de su sencilla higiene, esterilizaci\u00f3n, durabilidad y propiedades qu\u00edmicas.<br>En Mantix Metal SAS, nos especializamos en equipamiento en acero inoxidable en el sector gastron\u00f3mico, ofreciendo una amplia l\u00ednea de fabricaci\u00f3n estandarizada de mobiliario en acero inoxidable, as\u00ed como tambi\u00e9n fabricaci\u00f3n a medida de todo lo necesario para su local.<\/p>\n\n\n\n<ul class=\"wp-block-list\">\n<li>Estanterias de piso<\/li>\n\n\n\n<li>Estanter\u00edas mural<\/li>\n\n\n\n<li>Estanter\u00edas de techo<\/li>\n\n\n\n<li>Mesadas<\/li>\n\n\n\n<li>Campanas<\/li>\n\n\n\n<li>Gavillares<\/li>\n<\/ul>\n\n\n\n<p><\/p>\n\n\n\n<p><\/p>\n","protected":false},"excerpt":{"rendered":"<p>El acero inoxidable es ampliamente utilizado en el rubro gastron\u00f3mico a causa de su sencilla higiene, esterilizaci\u00f3n, durabilidad y propiedades qu\u00edmicas.En Mantix Metal SAS, nos especializamos en equipamiento en acero inoxidable en el sector gastron\u00f3mico, ofreciendo una amplia l\u00ednea de fabricaci\u00f3n estandarizada de mobiliario en acero inoxidable, as\u00ed como tambi\u00e9n fabricaci\u00f3n a medida de todo&hellip;&nbsp;<a href=\"https:\/\/mantix.com.uy\/index.php\/gastronomico\/\" class=\"\" rel=\"bookmark\">Leer m\u00e1s &raquo;<span class=\"screen-reader-text\">Gastron\u00f3mico<\/span><\/a><\/p>\n","protected":false},"author":1,"featured_media":0,"parent":0,"menu_order":0,"comment_status":"closed","ping_status":"closed","template":"","meta":{"neve_meta_sidebar":"full-width","neve_meta_container":"contained","neve_meta_enable_content_width":"on","neve_meta_content_width":65,"neve_meta_title_alignment":"center","neve_meta_author_avatar":"","neve_post_elements_order":"","neve_meta_disable_header":"","neve_meta_disable_footer":"","neve_meta_disable_title":"","_themeisle_gutenberg_block_has_review":false,"_ti_tpc_template_sync":false,"_ti_tpc_template_id":"","footnotes":""},"class_list":["post-652","page","type-page","status-publish","hentry"],"_links":{"self":[{"href":"https:\/\/mantix.com.uy\/index.php\/wp-json\/wp\/v2\/pages\/652","targetHints":{"allow":["GET"]}}],"collection":[{"href":"https:\/\/mantix.com.uy\/index.php\/wp-json\/wp\/v2\/pages"}],"about":[{"href":"https:\/\/mantix.com.uy\/index.php\/wp-json\/wp\/v2\/types\/page"}],"author":[{"embeddable":true,"href":"https:\/\/mantix.com.uy\/index.php\/wp-json\/wp\/v2\/users\/1"}],"replies":[{"embeddable":true,"href":"https:\/\/mantix.com.uy\/index.php\/wp-json\/wp\/v2\/comments?post=652"}],"version-history":[{"count":30,"href":"https:\/\/mantix.com.uy\/index.php\/wp-json\/wp\/v2\/pages\/652\/revisions"}],"predecessor-version":[{"id":1030,"href":"https:\/\/mantix.com.uy\/index.php\/wp-json\/wp\/v2\/pages\/652\/revisions\/1030"}],"wp:attachment":[{"href":"https:\/\/mantix.com.uy\/index.php\/wp-json\/wp\/v2\/media?parent=652"}],"curies":[{"name":"wp","href":"https:\/\/api.w.org\/{rel}","templated":true}]}}