{"id":650,"date":"2024-05-10T22:04:48","date_gmt":"2024-05-10T22:04:48","guid":{"rendered":"https:\/\/mantix.com.uy\/?page_id=650"},"modified":"2024-07-26T17:39:05","modified_gmt":"2024-07-26T17:39:05","slug":"hospitalario","status":"publish","type":"page","link":"https:\/\/mantix.com.uy\/index.php\/hospitalario\/","title":{"rendered":"Hospitalario"},"content":{"rendered":"\n<div id=\"wp-block-themeisle-blocks-advanced-columns-6a14d178\" class=\"wp-block-themeisle-blocks-advanced-columns has-1-columns has-desktop-equal-layout has-tablet-equal-layout has-mobile-collapsedRows-layout has-vertical-unset\"><div class=\"wp-block-themeisle-blocks-advanced-columns-overlay\"><\/div><div class=\"innerblocks-wrap\">\n<div id=\"wp-block-themeisle-blocks-advanced-column-e691e184\" class=\"wp-block-themeisle-blocks-advanced-column\">\n<p><\/p>\n\n\n\n<p><\/p>\n\n\n\n<div class=\"wp-block-group alignwide is-content-justification-center is-nowrap is-layout-flex wp-container-core-group-is-layout-46403f35 wp-block-group-is-layout-flex\">\n<figure class=\"wp-block-image size-large is-resized\"><img loading=\"lazy\" decoding=\"async\" width=\"1024\" height=\"1024\" src=\"https:\/\/mantix.com.uy\/wp-content\/uploads\/2024\/05\/Hospitalario-1-1024x1024.png\" alt=\"\" class=\"wp-image-902\" style=\"width:540px;height:auto\" srcset=\"https:\/\/mantix.com.uy\/wp-content\/uploads\/2024\/05\/Hospitalario-1-1024x1024.png 1024w, https:\/\/mantix.com.uy\/wp-content\/uploads\/2024\/05\/Hospitalario-1-300x300.png 300w, https:\/\/mantix.com.uy\/wp-content\/uploads\/2024\/05\/Hospitalario-1-150x150.png 150w, https:\/\/mantix.com.uy\/wp-content\/uploads\/2024\/05\/Hospitalario-1-768x768.png 768w, https:\/\/mantix.com.uy\/wp-content\/uploads\/2024\/05\/Hospitalario-1-1536x1536.png 1536w, https:\/\/mantix.com.uy\/wp-content\/uploads\/2024\/05\/Hospitalario-1-2048x2048.png 2048w, https:\/\/mantix.com.uy\/wp-content\/uploads\/2024\/05\/Hospitalario-1-600x600.png 600w, https:\/\/mantix.com.uy\/wp-content\/uploads\/2024\/05\/Hospitalario-1-100x100.png 100w\" sizes=\"auto, (max-width: 1024px) 100vw, 1024px\" \/><\/figure>\n<\/div>\n\n\n\n<p><\/p>\n\n\n\n<p><\/p>\n\n\n\n<p>En Mantix realizamos proyectos, construcci\u00f3n y montaje de equipamientos e instalaciones en acero inoxidable aplicados a la arquitectura hospitalaria.<br>Contamos con una oficina t\u00e9cnica con atenci\u00f3n personalizada, disponiendo de especialistas para medici\u00f3n en el lugar y proyectistas responsables del desarrollo de todo el proyecto, a fin de atender las necesidades de cada cliente.<\/p>\n\n\n\n<ul class=\"wp-block-list\">\n<li>Camillas en acero inoxidable<\/li>\n\n\n\n<li>Zocalos sanitarios<\/li>\n\n\n\n<li>Puertas para block quir\u00fargico<\/li>\n\n\n\n<li>Mobiliario<\/li>\n<\/ul>\n<\/div>\n<\/div><\/div>\n\n\n\n<p><\/p>\n\n\n\n<p><\/p>\n\n\n\n<p><\/p>\n\n\n\n<p><\/p>\n\n\n\n<p><\/p>\n\n\n\n<p><\/p>\n\n\n\n<p><\/p>\n\n\n\n<p><\/p>\n","protected":false},"excerpt":{"rendered":"","protected":false},"author":1,"featured_media":0,"parent":0,"menu_order":0,"comment_status":"closed","ping_status":"closed","template":"","meta":{"neve_meta_sidebar":"full-width","neve_meta_container":"contained","neve_meta_enable_content_width":"on","neve_meta_content_width":70,"neve_meta_title_alignment":"center","neve_meta_author_avatar":"","neve_post_elements_order":"","neve_meta_disable_header":"","neve_meta_disable_footer":"","neve_meta_disable_title":"","_themeisle_gutenberg_block_has_review":false,"_ti_tpc_template_sync":false,"_ti_tpc_template_id":"","footnotes":""},"class_list":["post-650","page","type-page","status-publish","hentry"],"_links":{"self":[{"href":"https:\/\/mantix.com.uy\/index.php\/wp-json\/wp\/v2\/pages\/650","targetHints":{"allow":["GET"]}}],"collection":[{"href":"https:\/\/mantix.com.uy\/index.php\/wp-json\/wp\/v2\/pages"}],"about":[{"href":"https:\/\/mantix.com.uy\/index.php\/wp-json\/wp\/v2\/types\/page"}],"author":[{"embeddable":true,"href":"https:\/\/mantix.com.uy\/index.php\/wp-json\/wp\/v2\/users\/1"}],"replies":[{"embeddable":true,"href":"https:\/\/mantix.com.uy\/index.php\/wp-json\/wp\/v2\/comments?post=650"}],"version-history":[{"count":24,"href":"https:\/\/mantix.com.uy\/index.php\/wp-json\/wp\/v2\/pages\/650\/revisions"}],"predecessor-version":[{"id":1025,"href":"https:\/\/mantix.com.uy\/index.php\/wp-json\/wp\/v2\/pages\/650\/revisions\/1025"}],"wp:attachment":[{"href":"https:\/\/mantix.com.uy\/index.php\/wp-json\/wp\/v2\/media?parent=650"}],"curies":[{"name":"wp","href":"https:\/\/api.w.org\/{rel}","templated":true}]}}