{"id":648,"date":"2024-05-10T22:04:35","date_gmt":"2024-05-10T22:04:35","guid":{"rendered":"https:\/\/mantix.com.uy\/?page_id=648"},"modified":"2024-07-26T17:57:32","modified_gmt":"2024-07-26T17:57:32","slug":"arquitectura-y-diseno","status":"publish","type":"page","link":"https:\/\/mantix.com.uy\/index.php\/arquitectura-y-diseno\/","title":{"rendered":"Arquitectura y dise\u00f1o"},"content":{"rendered":"\n<div id=\"wp-block-themeisle-blocks-advanced-columns-bbedcb73\" class=\"wp-block-themeisle-blocks-advanced-columns has-1-columns has-desktop-equal-layout has-tablet-equal-layout has-mobile-collapsedRows-layout has-vertical-unset\"><div class=\"wp-block-themeisle-blocks-advanced-columns-overlay\"><\/div><div class=\"innerblocks-wrap\">\n<div id=\"wp-block-themeisle-blocks-advanced-column-716870a6\" class=\"wp-block-themeisle-blocks-advanced-column\">\n<p><\/p>\n\n\n\n<p><\/p>\n\n\n\n<p><\/p>\n\n\n\n<p><\/p>\n\n\n\n<div class=\"wp-block-group alignwide is-content-justification-center is-nowrap is-layout-flex wp-container-core-group-is-layout-94bc23d7 wp-block-group-is-layout-flex\">\n<figure class=\"wp-block-image size-large is-resized\"><img loading=\"lazy\" decoding=\"async\" width=\"1024\" height=\"1024\" src=\"https:\/\/mantix.com.uy\/wp-content\/uploads\/2024\/05\/Arquitectura-1-1024x1024.png\" alt=\"\" class=\"wp-image-901\" style=\"width:480px;height:auto\" srcset=\"https:\/\/mantix.com.uy\/wp-content\/uploads\/2024\/05\/Arquitectura-1-1024x1024.png 1024w, https:\/\/mantix.com.uy\/wp-content\/uploads\/2024\/05\/Arquitectura-1-300x300.png 300w, https:\/\/mantix.com.uy\/wp-content\/uploads\/2024\/05\/Arquitectura-1-150x150.png 150w, https:\/\/mantix.com.uy\/wp-content\/uploads\/2024\/05\/Arquitectura-1-768x768.png 768w, https:\/\/mantix.com.uy\/wp-content\/uploads\/2024\/05\/Arquitectura-1-1536x1536.png 1536w, https:\/\/mantix.com.uy\/wp-content\/uploads\/2024\/05\/Arquitectura-1-2048x2048.png 2048w, https:\/\/mantix.com.uy\/wp-content\/uploads\/2024\/05\/Arquitectura-1-600x600.png 600w, https:\/\/mantix.com.uy\/wp-content\/uploads\/2024\/05\/Arquitectura-1-100x100.png 100w\" sizes=\"auto, (max-width: 1024px) 100vw, 1024px\" \/><\/figure>\n<\/div>\n\n\n\n<div style=\"height:44px\" aria-hidden=\"true\" class=\"wp-block-spacer\"><\/div>\n\n\n\n<p>Realizamos fabricaci\u00f3n a medida de todos los elementos en acero, acero inoxidable y acero corten que sean necesarios en su comercio: carteler\u00eda, barandas, escaleras, marcos, estanter\u00edas, etc.<br>Nuestra oficina t\u00e9cnica cuenta con un gran equipo de profesionales buscando brindar soluciones y respaldo a los proyectos y anteproyectos de nuestros clientes.<\/p>\n\n\n\n<p class=\"has-text-align-left\"><\/p>\n<\/div>\n<\/div><\/div>\n\n\n\n<div style=\"height:7px\" aria-hidden=\"true\" class=\"wp-block-spacer\"><\/div>\n","protected":false},"excerpt":{"rendered":"","protected":false},"author":1,"featured_media":0,"parent":0,"menu_order":0,"comment_status":"closed","ping_status":"closed","template":"","meta":{"neve_meta_sidebar":"full-width","neve_meta_container":"default","neve_meta_enable_content_width":"on","neve_meta_content_width":60,"neve_meta_title_alignment":"center","neve_meta_author_avatar":"","neve_post_elements_order":"","neve_meta_disable_header":"","neve_meta_disable_footer":"","neve_meta_disable_title":"","_themeisle_gutenberg_block_has_review":false,"_ti_tpc_template_sync":false,"_ti_tpc_template_id":"","footnotes":""},"class_list":["post-648","page","type-page","status-publish","hentry"],"_links":{"self":[{"href":"https:\/\/mantix.com.uy\/index.php\/wp-json\/wp\/v2\/pages\/648","targetHints":{"allow":["GET"]}}],"collection":[{"href":"https:\/\/mantix.com.uy\/index.php\/wp-json\/wp\/v2\/pages"}],"about":[{"href":"https:\/\/mantix.com.uy\/index.php\/wp-json\/wp\/v2\/types\/page"}],"author":[{"embeddable":true,"href":"https:\/\/mantix.com.uy\/index.php\/wp-json\/wp\/v2\/users\/1"}],"replies":[{"embeddable":true,"href":"https:\/\/mantix.com.uy\/index.php\/wp-json\/wp\/v2\/comments?post=648"}],"version-history":[{"count":25,"href":"https:\/\/mantix.com.uy\/index.php\/wp-json\/wp\/v2\/pages\/648\/revisions"}],"predecessor-version":[{"id":1060,"href":"https:\/\/mantix.com.uy\/index.php\/wp-json\/wp\/v2\/pages\/648\/revisions\/1060"}],"wp:attachment":[{"href":"https:\/\/mantix.com.uy\/index.php\/wp-json\/wp\/v2\/media?parent=648"}],"curies":[{"name":"wp","href":"https:\/\/api.w.org\/{rel}","templated":true}]}}