{"id":11,"date":"2024-05-05T22:43:05","date_gmt":"2024-05-05T22:43:05","guid":{"rendered":"https:\/\/mantix.com.uy\/?page_id=11"},"modified":"2024-05-23T14:32:40","modified_gmt":"2024-05-23T14:32:40","slug":"inicio","status":"publish","type":"page","link":"https:\/\/mantix.com.uy\/index.php\/inicio\/","title":{"rendered":""},"content":{"rendered":"\n<div class=\"wp-block-cover alignfull is-light\" style=\"min-height:562px;aspect-ratio:unset;\"><span aria-hidden=\"true\" class=\"wp-block-cover__background has-background-dim-0 has-background-dim\" style=\"background-color:#FFF\"><\/span><div class=\"wp-block-cover__inner-container is-layout-flow wp-block-cover-is-layout-flow\">\n<h1 class=\"wp-block-heading has-text-align-center has-text-color\" style=\"color:#121212\"><img loading=\"lazy\" decoding=\"async\" width=\"600\" height=\"209\" class=\"wp-image-18\" style=\"width: 600px;\" src=\"https:\/\/mantix.com.uy\/wp-content\/uploads\/2024\/05\/transparente.png\" alt=\"\" srcset=\"https:\/\/mantix.com.uy\/wp-content\/uploads\/2024\/05\/transparente.png 5530w, https:\/\/mantix.com.uy\/wp-content\/uploads\/2024\/05\/transparente-600x209.png 600w\" sizes=\"auto, (max-width: 600px) 100vw, 600px\" \/><\/h1>\n\n\n\n<p class=\"has-text-align-center has-text-color\" style=\"color:#121212;font-size:17px\">Dise\u00f1o y fabricaci\u00f3n de equipamientos y trabajos a medida en acero inoxidable, hierro y acero corten.<br>Hemos conformado un equipo de excelencia profesional y humana, con experiencia en el sector de Ingenier\u00eda, Arquitectura y Metalmec\u00e1nica, con el prop\u00f3sito entregar a nuestros clientes productos de calidad junto con el cumplimiento de plazos acordados, desarrollando as\u00ed relaciones de alto valor.<\/p>\n\n\n\n<p><\/p>\n<\/div><\/div>\n","protected":false},"excerpt":{"rendered":"","protected":false},"author":1,"featured_media":0,"parent":0,"menu_order":0,"comment_status":"closed","ping_status":"closed","template":"","meta":{"neve_meta_sidebar":"","neve_meta_container":"","neve_meta_enable_content_width":"on","neve_meta_content_width":100,"neve_meta_title_alignment":"","neve_meta_author_avatar":"","neve_post_elements_order":"","neve_meta_disable_header":"","neve_meta_disable_footer":"","neve_meta_disable_title":"on","_themeisle_gutenberg_block_has_review":false,"_ti_tpc_template_sync":false,"_ti_tpc_template_id":"","footnotes":""},"class_list":["post-11","page","type-page","status-publish","hentry"],"_links":{"self":[{"href":"https:\/\/mantix.com.uy\/index.php\/wp-json\/wp\/v2\/pages\/11","targetHints":{"allow":["GET"]}}],"collection":[{"href":"https:\/\/mantix.com.uy\/index.php\/wp-json\/wp\/v2\/pages"}],"about":[{"href":"https:\/\/mantix.com.uy\/index.php\/wp-json\/wp\/v2\/types\/page"}],"author":[{"embeddable":true,"href":"https:\/\/mantix.com.uy\/index.php\/wp-json\/wp\/v2\/users\/1"}],"replies":[{"embeddable":true,"href":"https:\/\/mantix.com.uy\/index.php\/wp-json\/wp\/v2\/comments?post=11"}],"version-history":[{"count":7,"href":"https:\/\/mantix.com.uy\/index.php\/wp-json\/wp\/v2\/pages\/11\/revisions"}],"predecessor-version":[{"id":891,"href":"https:\/\/mantix.com.uy\/index.php\/wp-json\/wp\/v2\/pages\/11\/revisions\/891"}],"wp:attachment":[{"href":"https:\/\/mantix.com.uy\/index.php\/wp-json\/wp\/v2\/media?parent=11"}],"curies":[{"name":"wp","href":"https:\/\/api.w.org\/{rel}","templated":true}]}}