{"id":105,"date":"2020-06-29T23:38:07","date_gmt":"2020-06-29T23:38:07","guid":{"rendered":"https:\/\/demosites.io\/pet-shop-gb\/?page_id=105"},"modified":"2025-08-13T15:53:48","modified_gmt":"2025-08-13T15:53:48","slug":"d09c8-home","status":"publish","type":"page","link":"https:\/\/mantix.com.uy\/","title":{"rendered":"Home"},"content":{"rendered":"\n<div class=\"wp-block-cover alignfull\" style=\"min-height:744px;aspect-ratio:unset;\"><img loading=\"lazy\" decoding=\"async\" width=\"2048\" height=\"1536\" class=\"wp-block-cover__image-background wp-image-690\" alt=\"\" src=\"https:\/\/mantix.com.uy\/wp-content\/uploads\/2024\/05\/oscura-1.png\" data-object-fit=\"cover\" srcset=\"https:\/\/mantix.com.uy\/wp-content\/uploads\/2024\/05\/oscura-1.png 2048w, https:\/\/mantix.com.uy\/wp-content\/uploads\/2024\/05\/oscura-1-300x225.png 300w, https:\/\/mantix.com.uy\/wp-content\/uploads\/2024\/05\/oscura-1-1024x768.png 1024w, https:\/\/mantix.com.uy\/wp-content\/uploads\/2024\/05\/oscura-1-768x576.png 768w, https:\/\/mantix.com.uy\/wp-content\/uploads\/2024\/05\/oscura-1-1536x1152.png 1536w, https:\/\/mantix.com.uy\/wp-content\/uploads\/2024\/05\/oscura-1-600x450.png 600w\" sizes=\"auto, (max-width: 2048px) 100vw, 2048px\" \/><span aria-hidden=\"true\" class=\"wp-block-cover__background has-background-dim-0 has-background-dim\" style=\"background-color:#332925\"><\/span><div class=\"wp-block-cover__inner-container is-layout-flow wp-block-cover-is-layout-flow\">\n<h2 class=\"wp-block-heading has-text-align-center has-large-font-size\">ARQUITECTURA Y DISE\u00d1O EN METAL<\/h2>\n\n\n\n<div class=\"wp-block-columns is-layout-flex wp-container-core-columns-is-layout-9d6595d7 wp-block-columns-is-layout-flex\">\n<div class=\"wp-block-column is-layout-flow wp-block-column-is-layout-flow\"><\/div>\n\n\n\n<div class=\"wp-block-column is-layout-flow wp-block-column-is-layout-flow\">\n<div id=\"wp-block-themeisle-blocks-button-group-1a273202\" class=\"wp-block-themeisle-blocks-button-group wp-block-buttons align-center-desktop\">\n<div id=\"wp-block-themeisle-blocks-button-5d2a863f\" class=\"wp-block-themeisle-blocks-button wp-block-button\"><a href=\"https:\/\/mantix.com.uy\/index.php\/acerca-de\/\" target=\"_self\" rel=\"noopener noreferrer\" class=\"wp-block-button__link\"><span>NUESTROS SERVICIOS<\/span><\/a><\/div>\n<\/div>\n<\/div>\n\n\n\n<div class=\"wp-block-column is-layout-flow wp-block-column-is-layout-flow\"><\/div>\n<\/div>\n<\/div><\/div>\n\n\n\n<div class=\"wp-block-group is-content-justification-center is-nowrap is-layout-flex wp-container-core-group-is-layout-94bc23d7 wp-block-group-is-layout-flex\">\n<div class=\"wp-block-columns is-layout-flex wp-container-core-columns-is-layout-9d6595d7 wp-block-columns-is-layout-flex\">\n<div class=\"wp-block-column is-layout-flow wp-block-column-is-layout-flow\" style=\"flex-basis:100%\">\n<div id=\"wp-block-themeisle-blocks-advanced-columns-ab114888\" class=\"wp-block-themeisle-blocks-advanced-columns alignfull has-4-columns has-desktop-equal-layout has-tablet-equal-layout has-mobile-collapsedRows-layout has-vertical-unset has-light-bg\"><div class=\"wp-block-themeisle-blocks-advanced-columns-overlay\"><\/div><div class=\"innerblocks-wrap\">\n<div id=\"wp-block-themeisle-blocks-advanced-column-76cf25ee\" class=\"wp-block-themeisle-blocks-advanced-column has-dark-bg\">\n<div class=\"wp-block-themeisle-blocks-service\"><div class=\"wp-block-image\">\n<figure class=\"aligncenter size-full is-resized\"><img loading=\"lazy\" decoding=\"async\" width=\"500\" height=\"500\" src=\"https:\/\/mantix.com.uy\/wp-content\/uploads\/2024\/05\/2-2.png\" alt=\"\" class=\"wp-image-804\" style=\"width:128px;height:auto\" srcset=\"https:\/\/mantix.com.uy\/wp-content\/uploads\/2024\/05\/2-2.png 500w, https:\/\/mantix.com.uy\/wp-content\/uploads\/2024\/05\/2-2-300x300.png 300w, https:\/\/mantix.com.uy\/wp-content\/uploads\/2024\/05\/2-2-150x150.png 150w, https:\/\/mantix.com.uy\/wp-content\/uploads\/2024\/05\/2-2-100x100.png 100w\" sizes=\"auto, (max-width: 500px) 100vw, 500px\" \/><\/figure>\n<\/div>\n\n\n<h2 class=\"wp-block-heading has-text-align-center has-nv-c-1-color has-text-color has-link-color has-medium-font-size wp-elements-7a32bc133526290d5b72922375a2bbae\"><mark style=\"background-color:rgba(0, 0, 0, 0)\" class=\"has-inline-color has-neve-link-color-color\">Tecnolog\u00eda<\/mark><\/h2>\n\n\n\n<p class=\"has-text-align-center\"><\/p>\n<\/div>\n<\/div>\n\n\n\n<div id=\"wp-block-themeisle-blocks-advanced-column-e4703d6c\" class=\"wp-block-themeisle-blocks-advanced-column has-dark-bg\"><div class=\"wp-block-image\">\n<figure class=\"aligncenter size-full is-resized\"><img loading=\"lazy\" decoding=\"async\" width=\"500\" height=\"500\" src=\"https:\/\/mantix.com.uy\/wp-content\/uploads\/2024\/05\/3-1.png\" alt=\"\" class=\"wp-image-805\" style=\"width:126px;height:auto\" srcset=\"https:\/\/mantix.com.uy\/wp-content\/uploads\/2024\/05\/3-1.png 500w, https:\/\/mantix.com.uy\/wp-content\/uploads\/2024\/05\/3-1-300x300.png 300w, https:\/\/mantix.com.uy\/wp-content\/uploads\/2024\/05\/3-1-150x150.png 150w, https:\/\/mantix.com.uy\/wp-content\/uploads\/2024\/05\/3-1-100x100.png 100w\" sizes=\"auto, (max-width: 500px) 100vw, 500px\" \/><\/figure>\n<\/div>\n\n\n<h2 class=\"wp-block-heading has-text-align-center has-nv-c-1-color has-text-color has-link-color has-medium-font-size wp-elements-ef19f624de664e1b3b73d98ce8010c65\"><mark style=\"background-color:rgba(0, 0, 0, 0)\" class=\"has-inline-color has-neve-link-color-color\">Calidad<\/mark><\/h2>\n\n\n\n<p class=\"has-text-align-center\"><\/p>\n<\/div>\n\n\n\n<div id=\"wp-block-themeisle-blocks-advanced-column-2d0eeda8\" class=\"wp-block-themeisle-blocks-advanced-column has-dark-bg\"><div class=\"wp-block-image is-style-default\">\n<figure class=\"aligncenter size-full is-resized has-custom-border\"><img loading=\"lazy\" decoding=\"async\" width=\"500\" height=\"500\" src=\"https:\/\/mantix.com.uy\/wp-content\/uploads\/2024\/05\/1-1.png\" alt=\"\" class=\"wp-image-806\" style=\"border-style:none;border-width:0px;width:132px;height:auto\" srcset=\"https:\/\/mantix.com.uy\/wp-content\/uploads\/2024\/05\/1-1.png 500w, https:\/\/mantix.com.uy\/wp-content\/uploads\/2024\/05\/1-1-300x300.png 300w, https:\/\/mantix.com.uy\/wp-content\/uploads\/2024\/05\/1-1-150x150.png 150w, https:\/\/mantix.com.uy\/wp-content\/uploads\/2024\/05\/1-1-100x100.png 100w\" sizes=\"auto, (max-width: 500px) 100vw, 500px\" \/><\/figure>\n<\/div>\n\n\n<h2 class=\"wp-block-heading has-text-align-center has-nv-c-1-color has-text-color has-link-color has-medium-font-size wp-elements-e4ecd7f84e9643f567fce547a137ea00\"><mark style=\"background-color:rgba(0, 0, 0, 0)\" class=\"has-inline-color has-neve-link-color-color\">Trabajo en equipo<\/mark><\/h2>\n\n\n\n<p class=\"has-text-align-center\"><\/p>\n<\/div>\n\n\n\n<div id=\"wp-block-themeisle-blocks-advanced-column-886cd8fe\" class=\"wp-block-themeisle-blocks-advanced-column has-dark-bg\"><div class=\"wp-block-image is-style-default\">\n<figure class=\"aligncenter size-full is-resized\"><img loading=\"lazy\" decoding=\"async\" width=\"500\" height=\"500\" src=\"https:\/\/mantix.com.uy\/wp-content\/uploads\/2024\/05\/4-1.png\" alt=\"\" class=\"wp-image-807\" style=\"object-fit:cover;width:134px;height:120px\" srcset=\"https:\/\/mantix.com.uy\/wp-content\/uploads\/2024\/05\/4-1.png 500w, https:\/\/mantix.com.uy\/wp-content\/uploads\/2024\/05\/4-1-300x300.png 300w, https:\/\/mantix.com.uy\/wp-content\/uploads\/2024\/05\/4-1-150x150.png 150w, https:\/\/mantix.com.uy\/wp-content\/uploads\/2024\/05\/4-1-100x100.png 100w\" sizes=\"auto, (max-width: 500px) 100vw, 500px\" \/><\/figure>\n<\/div>\n\n\n<h2 class=\"wp-block-heading has-text-align-center has-nv-dark-bg-color has-text-color has-link-color has-medium-font-size wp-elements-2eef0034820ad4dd2576421fe619fc1c\"><mark style=\"background-color:rgba(0, 0, 0, 0)\" class=\"has-inline-color has-neve-link-color-color\">Rapidez<\/mark><\/h2>\n\n\n\n<p class=\"has-text-align-center\"><\/p>\n<\/div>\n<\/div><\/div>\n<\/div>\n<\/div>\n<\/div>\n\n\n\n<div id=\"wp-block-themeisle-blocks-advanced-columns-08bcd8f6\" class=\"wp-block-themeisle-blocks-advanced-columns alignfull has-2-columns has-desktop-oneTwo-layout has-tablet-equal-layout has-mobile-collapsedRows-layout has-vertical-unset has-dark-bg\"><div class=\"wp-block-themeisle-blocks-advanced-columns-overlay\"><\/div><div class=\"innerblocks-wrap\">\n<div id=\"wp-block-themeisle-blocks-advanced-column-7ccc17b6\" class=\"wp-block-themeisle-blocks-advanced-column\">\n<figure class=\"wp-block-image size-full\"><img loading=\"lazy\" decoding=\"async\" width=\"1172\" height=\"1248\" src=\"https:\/\/mantix.com.uy\/wp-content\/uploads\/2024\/05\/M-02-1.png\" alt=\"\" class=\"wp-image-675\" srcset=\"https:\/\/mantix.com.uy\/wp-content\/uploads\/2024\/05\/M-02-1.png 1172w, https:\/\/mantix.com.uy\/wp-content\/uploads\/2024\/05\/M-02-1-282x300.png 282w, https:\/\/mantix.com.uy\/wp-content\/uploads\/2024\/05\/M-02-1-962x1024.png 962w, https:\/\/mantix.com.uy\/wp-content\/uploads\/2024\/05\/M-02-1-768x818.png 768w, https:\/\/mantix.com.uy\/wp-content\/uploads\/2024\/05\/M-02-1-600x639.png 600w\" sizes=\"auto, (max-width: 1172px) 100vw, 1172px\" \/><\/figure>\n<\/div>\n\n\n\n<div id=\"wp-block-themeisle-blocks-advanced-column-546e1574\" class=\"wp-block-themeisle-blocks-advanced-column\">\n<h2 class=\"wp-block-heading has-nv-text-dark-bg-color has-text-color\">MANTIX METAL SAS<\/h2>\n\n\n\n<div style=\"height:20px\" aria-hidden=\"true\" class=\"wp-block-spacer\"><\/div>\n\n\n\n<p class=\"has-nv-text-dark-bg-color has-text-color\" style=\"font-size:22px\">Mantix es una empresa dedicada al dise\u00f1o y fabricaci\u00f3n de equipamientos y trabajos a medida en acero inoxidable, hierro y acero corten.<\/p>\n\n\n\n<p class=\"has-nv-text-dark-bg-color has-text-color\" style=\"font-size:22px\">Hemos conformado un equipo de excelencia profesional y humana, con experiencia en el sector de Ingenier\u00eda,  Arquitectura y Metalmec\u00e1nica, con el prop\u00f3sito de entregar a nuestros clientes productos de alta calidad junto con el cumplimiento de plazos acordados,  desarrollando as\u00ed relaciones de alto valor.<\/p>\n\n\n\n<p><\/p>\n\n\n\n<p><\/p>\n\n\n\n<div style=\"height:40px\" aria-hidden=\"true\" class=\"wp-block-spacer\"><\/div>\n<\/div>\n<\/div><\/div>\n\n\n\n<div id=\"wp-block-themeisle-blocks-advanced-columns-293ae528\" class=\"wp-block-themeisle-blocks-advanced-columns alignfull has-2-columns has-desktop-twoOne-layout has-tablet-equal-layout has-mobile-collapsedRows-layout has-vertical-unset has-dark-bg\"><div class=\"wp-block-themeisle-blocks-advanced-columns-overlay\"><\/div><div class=\"innerblocks-wrap\">\n<div id=\"wp-block-themeisle-blocks-advanced-column-c7c82bf7\" class=\"wp-block-themeisle-blocks-advanced-column small-form ticss-252e7860\">\n<h2 class=\"wp-block-heading has-nv-text-dark-bg-color has-text-color\">\u00a1Trabajemos juntos!<\/h2>\n\n\n\n<div id=\"wp-block-themeisle-blocks-form-5f717ebc\" class=\"wp-block-themeisle-blocks-form ticss-5f717ebc\" data-option-name=\"bf9b28ff82ce323187abc5d0feb0d8f07ecd8436_5f717ebc\"><form class=\"otter-form__container\">\n<div id=\"wp-block-themeisle-blocks-form-input-0ff51ff5\" class=\"wp-block-themeisle-blocks-form-input\"><label for=\"wp-block-themeisle-blocks-form-input-0ff51ff5-input\" class=\"otter-form-input-label\"><span class=\"otter-form-input-label__label\">Mail<\/span><\/label><input type=\"email\" id=\"wp-block-themeisle-blocks-form-input-0ff51ff5-input\" class=\"otter-form-input\"\/><\/div>\n\n\n\n<div id=\"wp-block-themeisle-blocks-form-input-72ee654b\" class=\"wp-block-themeisle-blocks-form-input\"><label for=\"wp-block-themeisle-blocks-form-input-72ee654b-input\" class=\"otter-form-input-label\"><span class=\"otter-form-input-label__label\">Nombre<\/span><\/label><input type=\"text\" id=\"wp-block-themeisle-blocks-form-input-72ee654b-input\" class=\"otter-form-input\"\/><\/div>\n\n\n\n<div id=\"wp-block-themeisle-blocks-form-input-21e26077\" class=\"wp-block-themeisle-blocks-form-input\"><label for=\"wp-block-themeisle-blocks-form-input-21e26077-input\" class=\"otter-form-input-label\"><span class=\"otter-form-input-label__label\">Mensaje<\/span><\/label><input type=\"text\" id=\"wp-block-themeisle-blocks-form-input-21e26077-input\" class=\"otter-form-input\"\/><\/div>\n\n\n<div class=\"protection\" aria-hidden=\"true\"><input type=\"hidden\" id=\"wp-block-themeisle-blocks-form-5f717ebc_nonce_field\" name=\"wp-block-themeisle-blocks-form-5f717ebc_nonce_field\" value=\"bd8189430d\" \/><input type=\"hidden\" name=\"_wp_http_referer\" value=\"\/index.php\/wp-json\/wp\/v2\/pages\/105\" \/><input class=\"o-anti-bot\" type=\"checkbox\"><\/div><div class=\"wp-block-button\"><button class=\"wp-block-button__link\" type=\"submit\">Enviar<\/button><\/div><\/form><\/div>\n<\/div>\n\n\n\n<div id=\"wp-block-themeisle-blocks-advanced-column-24cca890\" class=\"wp-block-themeisle-blocks-advanced-column\">\n<figure class=\"wp-block-image size-full\"><img loading=\"lazy\" decoding=\"async\" width=\"2500\" height=\"3493\" src=\"https:\/\/mantix.com.uy\/wp-content\/uploads\/2024\/05\/soluciones-industriales-01.png\" alt=\"\" class=\"wp-image-876\" srcset=\"https:\/\/mantix.com.uy\/wp-content\/uploads\/2024\/05\/soluciones-industriales-01.png 2500w, https:\/\/mantix.com.uy\/wp-content\/uploads\/2024\/05\/soluciones-industriales-01-215x300.png 215w, https:\/\/mantix.com.uy\/wp-content\/uploads\/2024\/05\/soluciones-industriales-01-733x1024.png 733w, https:\/\/mantix.com.uy\/wp-content\/uploads\/2024\/05\/soluciones-industriales-01-768x1073.png 768w, https:\/\/mantix.com.uy\/wp-content\/uploads\/2024\/05\/soluciones-industriales-01-1099x1536.png 1099w, https:\/\/mantix.com.uy\/wp-content\/uploads\/2024\/05\/soluciones-industriales-01-1466x2048.png 1466w, https:\/\/mantix.com.uy\/wp-content\/uploads\/2024\/05\/soluciones-industriales-01-600x838.png 600w\" sizes=\"auto, (max-width: 2500px) 100vw, 2500px\" \/><\/figure>\n<\/div>\n<\/div><\/div>\n\n\n<div class=\"wp-block-image\">\n<figure class=\"aligncenter size-large is-resized\"><a href=\"https:\/\/www.instagram.com\/mantix.metal\/\"><img loading=\"lazy\" decoding=\"async\" width=\"1024\" height=\"1024\" src=\"https:\/\/mantix.com.uy\/wp-content\/uploads\/2024\/07\/instagram-logo-instagram-icon-transparent-free-png-1024x1024.webp\" alt=\"\" class=\"wp-image-924\" style=\"width:53px;height:auto\" srcset=\"https:\/\/mantix.com.uy\/wp-content\/uploads\/2024\/07\/instagram-logo-instagram-icon-transparent-free-png-1024x1024.webp 1024w, https:\/\/mantix.com.uy\/wp-content\/uploads\/2024\/07\/instagram-logo-instagram-icon-transparent-free-png-300x300.webp 300w, https:\/\/mantix.com.uy\/wp-content\/uploads\/2024\/07\/instagram-logo-instagram-icon-transparent-free-png-150x150.webp 150w, https:\/\/mantix.com.uy\/wp-content\/uploads\/2024\/07\/instagram-logo-instagram-icon-transparent-free-png-768x768.webp 768w, https:\/\/mantix.com.uy\/wp-content\/uploads\/2024\/07\/instagram-logo-instagram-icon-transparent-free-png-1536x1536.webp 1536w, https:\/\/mantix.com.uy\/wp-content\/uploads\/2024\/07\/instagram-logo-instagram-icon-transparent-free-png-600x600.webp 600w, https:\/\/mantix.com.uy\/wp-content\/uploads\/2024\/07\/instagram-logo-instagram-icon-transparent-free-png-100x100.webp 100w, https:\/\/mantix.com.uy\/wp-content\/uploads\/2024\/07\/instagram-logo-instagram-icon-transparent-free-png.webp 1920w\" sizes=\"auto, (max-width: 1024px) 100vw, 1024px\" \/><\/a><\/figure>\n<\/div>\n\n\n<div class=\"wp-block-group alignwide is-content-justification-right is-nowrap is-layout-flex wp-container-core-group-is-layout-fd526d70 wp-block-group-is-layout-flex\"><\/div>\n\n\n\n<p class=\"has-text-align-center\"><mark style=\"background-color:var(--nv-site-bg)\" class=\"has-inline-color has-nv-c-1-color\"><strong>ventas@mantix.com.uy &#8211; 096 562 121 &#8211; Johann Sebastian Bach M.4 S.3 &#8211; San Jos\u00e9 de Carrasco<\/strong><\/mark><\/p>\n\n\n<div class=\"wp-block-image\">\n<figure class=\"aligncenter size-full is-resized\"><a href=\"https:\/\/mantix.com.uy\/\"><img loading=\"lazy\" decoding=\"async\" width=\"200\" height=\"49\" src=\"https:\/\/mantix.com.uy\/wp-content\/uploads\/2024\/05\/cropped-transparente.png\" alt=\"\" class=\"wp-image-19\" style=\"width:234px;height:auto\"\/><\/a><\/figure>\n<\/div>\n\n\n<p><\/p>\n","protected":false},"excerpt":{"rendered":"<p>ventas@mantix.com.uy &#8211; 096 562 121 &#8211; Johann Sebastian Bach M.4 S.3 &#8211; San Jos\u00e9 de Carrasco<\/p>\n","protected":false},"author":1,"featured_media":0,"parent":0,"menu_order":0,"comment_status":"closed","ping_status":"closed","template":"","meta":{"neve_meta_sidebar":"full-width","neve_meta_container":"","neve_meta_enable_content_width":"on","neve_meta_content_width":100,"neve_meta_title_alignment":"","neve_meta_author_avatar":"","neve_post_elements_order":"","neve_meta_disable_header":"","neve_meta_disable_footer":"","neve_meta_disable_title":"on","_themeisle_gutenberg_block_has_review":false,"_ti_tpc_template_sync":false,"_ti_tpc_template_id":"695blg4xn7pkav5zqwfm","footnotes":""},"class_list":["post-105","page","type-page","status-publish","hentry"],"_links":{"self":[{"href":"https:\/\/mantix.com.uy\/index.php\/wp-json\/wp\/v2\/pages\/105","targetHints":{"allow":["GET"]}}],"collection":[{"href":"https:\/\/mantix.com.uy\/index.php\/wp-json\/wp\/v2\/pages"}],"about":[{"href":"https:\/\/mantix.com.uy\/index.php\/wp-json\/wp\/v2\/types\/page"}],"author":[{"embeddable":true,"href":"https:\/\/mantix.com.uy\/index.php\/wp-json\/wp\/v2\/users\/1"}],"replies":[{"embeddable":true,"href":"https:\/\/mantix.com.uy\/index.php\/wp-json\/wp\/v2\/comments?post=105"}],"version-history":[{"count":74,"href":"https:\/\/mantix.com.uy\/index.php\/wp-json\/wp\/v2\/pages\/105\/revisions"}],"predecessor-version":[{"id":1070,"href":"https:\/\/mantix.com.uy\/index.php\/wp-json\/wp\/v2\/pages\/105\/revisions\/1070"}],"wp:attachment":[{"href":"https:\/\/mantix.com.uy\/index.php\/wp-json\/wp\/v2\/media?parent=105"}],"curies":[{"name":"wp","href":"https:\/\/api.w.org\/{rel}","templated":true}]}}